{"id":13,"date":"2020-05-10T16:02:12","date_gmt":"2020-05-10T16:02:12","guid":{"rendered":"http:\/\/fewo-berheide.de\/?page_id=13"},"modified":"2026-03-19T11:39:23","modified_gmt":"2026-03-19T10:39:23","slug":"home","status":"publish","type":"page","link":"https:\/\/fewo-berheide.de\/?page_id=13","title":{"rendered":"HOME"},"content":{"rendered":"\n<h2 class=\"wp-block-heading has-text-align-center\" id=\"von-privat-an-privat\"><strong><span class=\"has-inline-color has-luminous-vivid-orange-color\">Von Privat an Privat&nbsp;<\/span><\/strong><\/h2>\n\n\n\n<p class=\"has-text-align-center\"><strong><span class=\"has-inline-color has-vivid-cyan-blue-color\">Gem\u00fctliche Ferienwohnung, ca. 52 m\u00b2, an der Nordsee in&nbsp; Horumersiel, Deichstrasse 11 (Paterre)&nbsp; zu vermieten<\/span><\/strong><\/p>\n\n\n\n<p class=\"has-text-align-center\"><strong><span class=\"has-inline-color has-vivid-cyan-blue-color\">f\u00fcr 2 bis maximal&nbsp; 3 Personen<\/span><\/strong><\/p>\n\n\n\n<p style=\"font-size:12px\"><\/p>\n\n\n\n<figure class=\"wp-block-table\"><table><tbody><tr><td><mark style=\"background-color:rgba(0, 0, 0, 0)\" class=\"has-inline-color has-colibri-color-1-color\"><strong>Die <\/strong><\/mark><strong><mark style=\"background-color:rgba(0, 0, 0, 0)\" class=\"has-inline-color has-vivid-cyan-blue-color\"><strong>Ferienwohnung in Horumersiel, Deichstra\u00dfe 11<\/strong><\/mark><\/strong><br>&#8230; unsere gem\u00fctliche Ferienwohnung f\u00fcr 2 bis 3 Personen ist etwa 52 m\u00b2 gro\u00df und befindet sich ebenerdig in der Deichstra\u00dfe 11 in Horumersiel und liegt\u00a0zentral, ca. 150 Meter vom Deich.\u00a0Kurze Wege zeichnen die Lage der Ferienwohnung aus.\u00a0Der Ortskern mit\u00a0etlichen Einkaufsm\u00f6glichkeiten und Restaurants ist in wenigen Minuten zu Fu\u00df zu erreichen. <br>Unsere Ferienwohnung steht unseren G\u00e4sten mit neu gestalteten Flurbereich; neuem Bad; komplett neuem K\u00fcchenbereich; neuer Terrasse und neu gestalteten Wohnbereich zur Verf\u00fcgung.<\/td><\/tr><\/tbody><\/table><\/figure>\n\n\n\n<ul>\n<li>Der dazugeh\u00f6rige Parkplatz ist direkt vor der Eingangst\u00fcr und ist vom Vorteil beim ein- und ausladen von Gep\u00e4ck.&nbsp;<\/li>\n\n\n\n<li>Auf der schicken, neue angelegten Terrasse mit kleinem Garten k\u00f6nnen Sie sich entspannen.<\/li>\n\n\n\n<li>Die K\u00fcchenzeile ist mit hochwertigen Marken-Elektroger\u00e4ten ausgestattet (K\u00fchlschrank, Backofen, Ceran-Kochfeld, Mikrowelle und Geschirr sowie Kaffeemaschine, Wasserkocher und Toaster).<\/li>\n\n\n\n<li>Der Essplatz ist zum Wohnraum offen.<\/li>\n\n\n\n<li>Im Wohnbereich befindet sich ein komfortables Schrankbett (f\u00fcr eine Person) und eine gro\u00dfe Eckcouch sowie ein gem\u00fctlicher Fernseh-Relaxsessel.<\/li>\n\n\n\n<li>Der Schlafraum hat ein Doppelbett f\u00fcr 2 Personen (Fenster mit Insektengitter)<\/li>\n\n\n\n<li>Keine Haustiere.<\/li>\n<\/ul>\n\n\n\n<div class=\"wp-block-group\"><div class=\"wp-block-group__inner-container is-layout-flow wp-block-group-is-layout-flow\">\n<div class=\"wp-block-group\"><div class=\"wp-block-group__inner-container is-layout-flow wp-block-group-is-layout-flow\">\n<figure class=\"wp-block-gallery has-nested-images columns-default is-cropped wp-block-gallery-1 is-layout-flex wp-block-gallery-is-layout-flex\">\n<figure class=\"wp-block-image size-large\"><img loading=\"lazy\" decoding=\"async\" width=\"1024\" height=\"768\" src=\"https:\/\/fewo-berheide.de\/wp-content\/uploads\/2021\/03\/Horumersiel-2011-71-1024x768.jpg\" alt=\"\" class=\"wp-image-476\" srcset=\"https:\/\/fewo-berheide.de\/wp-content\/uploads\/2021\/03\/Horumersiel-2011-71-1024x768.jpg 1024w, https:\/\/fewo-berheide.de\/wp-content\/uploads\/2021\/03\/Horumersiel-2011-71-300x225.jpg 300w, https:\/\/fewo-berheide.de\/wp-content\/uploads\/2021\/03\/Horumersiel-2011-71-768x576.jpg 768w, https:\/\/fewo-berheide.de\/wp-content\/uploads\/2021\/03\/Horumersiel-2011-71-1536x1152.jpg 1536w, https:\/\/fewo-berheide.de\/wp-content\/uploads\/2021\/03\/Horumersiel-2011-71-2048x1536.jpg 2048w\" sizes=\"(max-width: 1024px) 100vw, 1024px\" \/><figcaption class=\"wp-element-caption\">Eingang <\/figcaption><\/figure>\n\n\n\n<figure class=\"wp-block-image size-large\"><img loading=\"lazy\" decoding=\"async\" width=\"1024\" height=\"768\" src=\"https:\/\/fewo-berheide.de\/wp-content\/uploads\/2021\/07\/2021_bilder_horumersiel_juli_kueche_essbereich_IMG_8414-1024x768.jpeg\" alt=\"\" class=\"wp-image-767\" srcset=\"https:\/\/fewo-berheide.de\/wp-content\/uploads\/2021\/07\/2021_bilder_horumersiel_juli_kueche_essbereich_IMG_8414-1024x768.jpeg 1024w, https:\/\/fewo-berheide.de\/wp-content\/uploads\/2021\/07\/2021_bilder_horumersiel_juli_kueche_essbereich_IMG_8414-300x225.jpeg 300w, https:\/\/fewo-berheide.de\/wp-content\/uploads\/2021\/07\/2021_bilder_horumersiel_juli_kueche_essbereich_IMG_8414-768x576.jpeg 768w, https:\/\/fewo-berheide.de\/wp-content\/uploads\/2021\/07\/2021_bilder_horumersiel_juli_kueche_essbereich_IMG_8414-1536x1152.jpeg 1536w, https:\/\/fewo-berheide.de\/wp-content\/uploads\/2021\/07\/2021_bilder_horumersiel_juli_kueche_essbereich_IMG_8414-2048x1536.jpeg 2048w\" sizes=\"(max-width: 1024px) 100vw, 1024px\" \/><figcaption class=\"wp-element-caption\">K\u00fcche \/ Essen<\/figcaption><\/figure>\n\n\n\n<figure class=\"wp-block-image size-large\"><img loading=\"lazy\" decoding=\"async\" width=\"1024\" height=\"768\" src=\"https:\/\/fewo-berheide.de\/wp-content\/uploads\/2024\/03\/2024_horumersiel_wohnbereich_0224_IMG_01-1024x768.jpeg\" alt=\"\" class=\"wp-image-1229\" srcset=\"https:\/\/fewo-berheide.de\/wp-content\/uploads\/2024\/03\/2024_horumersiel_wohnbereich_0224_IMG_01-1024x768.jpeg 1024w, https:\/\/fewo-berheide.de\/wp-content\/uploads\/2024\/03\/2024_horumersiel_wohnbereich_0224_IMG_01-300x225.jpeg 300w, https:\/\/fewo-berheide.de\/wp-content\/uploads\/2024\/03\/2024_horumersiel_wohnbereich_0224_IMG_01-768x576.jpeg 768w, https:\/\/fewo-berheide.de\/wp-content\/uploads\/2024\/03\/2024_horumersiel_wohnbereich_0224_IMG_01-1536x1152.jpeg 1536w, https:\/\/fewo-berheide.de\/wp-content\/uploads\/2024\/03\/2024_horumersiel_wohnbereich_0224_IMG_01-2048x1536.jpeg 2048w\" sizes=\"(max-width: 1024px) 100vw, 1024px\" \/><figcaption class=\"wp-element-caption\">Wohnen<\/figcaption><\/figure>\n<\/figure>\n<\/div><\/div>\n<\/div><\/div>\n\n\n\n<figure class=\"wp-block-image size-large is-resized\"><img loading=\"lazy\" decoding=\"async\" width=\"1024\" height=\"326\" src=\"https:\/\/fewo-berheide.de\/wp-content\/uploads\/2021\/08\/2021_bilder_horumersiel_skizze_wohnung_0730-1024x326.png\" alt=\"\" class=\"wp-image-791\" style=\"width:1024px;height:326px\" srcset=\"https:\/\/fewo-berheide.de\/wp-content\/uploads\/2021\/08\/2021_bilder_horumersiel_skizze_wohnung_0730-1024x326.png 1024w, https:\/\/fewo-berheide.de\/wp-content\/uploads\/2021\/08\/2021_bilder_horumersiel_skizze_wohnung_0730-300x96.png 300w, https:\/\/fewo-berheide.de\/wp-content\/uploads\/2021\/08\/2021_bilder_horumersiel_skizze_wohnung_0730-768x245.png 768w, https:\/\/fewo-berheide.de\/wp-content\/uploads\/2021\/08\/2021_bilder_horumersiel_skizze_wohnung_0730-1536x489.png 1536w, https:\/\/fewo-berheide.de\/wp-content\/uploads\/2021\/08\/2021_bilder_horumersiel_skizze_wohnung_0730-2048x652.png 2048w\" sizes=\"(max-width: 1024px) 100vw, 1024px\" \/><\/figure>\n\n\n\n<figure class=\"wp-block-image size-large\"><img loading=\"lazy\" decoding=\"async\" width=\"1024\" height=\"355\" src=\"https:\/\/fewo-berheide.de\/wp-content\/uploads\/2023\/06\/Bildschirmfoto-2023-06-14-um-10.47.29-1024x355.png\" alt=\"\" class=\"wp-image-1143\" srcset=\"https:\/\/fewo-berheide.de\/wp-content\/uploads\/2023\/06\/Bildschirmfoto-2023-06-14-um-10.47.29-1024x355.png 1024w, https:\/\/fewo-berheide.de\/wp-content\/uploads\/2023\/06\/Bildschirmfoto-2023-06-14-um-10.47.29-300x104.png 300w, https:\/\/fewo-berheide.de\/wp-content\/uploads\/2023\/06\/Bildschirmfoto-2023-06-14-um-10.47.29-768x266.png 768w, https:\/\/fewo-berheide.de\/wp-content\/uploads\/2023\/06\/Bildschirmfoto-2023-06-14-um-10.47.29.png 1384w\" sizes=\"(max-width: 1024px) 100vw, 1024px\" \/><\/figure>\n\n\n\n<p><strong><span class=\"has-inline-color has-vivid-cyan-blue-color\">Die Aufteilung der Wohnung<\/span><\/strong><\/p>\n\n\n\n<ul>\n<li>Windfang (Flur mit Gaderobe)<\/li>\n\n\n\n<li>offener, komfortabel eingerichteter K\u00fcchenbereich<\/li>\n\n\n\n<li>Wohnzimmer mit Essecke<\/li>\n\n\n\n<li>Flatscreen &#8222;Samsung 43 Zoll LCD-TV&#8220;,<\/li>\n\n\n\n<li>Internet &#8211; Radio<\/li>\n\n\n\n<li>WLAN*<\/li>\n\n\n\n<li>Schrank-Klappbett f\u00fcr 1 Person<\/li>\n\n\n\n<li>separates Schlafzimmer mit Doppelbett<\/li>\n\n\n\n<li>Bad mit Dusche<\/li>\n\n\n\n<li>Waschmaschine<\/li>\n\n\n\n<li>Terrasse mit kleinem Garten incl. Terrassenm\u00f6bel<\/li>\n<\/ul>\n\n\n\n<p><strong><span class=\"has-inline-color has-vivid-cyan-blue-color\">mitzubringen sind:<\/span><\/strong><\/p>\n\n\n\n<ul>\n<li>Bettw\u00e4sche<\/li>\n\n\n\n<li>Handt\u00fccher<\/li>\n\n\n\n<li>Hygieneartikel<\/li>\n<\/ul>\n\n\n\n<p><strong><mark style=\"background-color:rgba(0, 0, 0, 0)\" class=\"has-inline-color has-vivid-cyan-blue-color\">weiteres:<\/mark><\/strong><\/p>\n\n\n\n<ul>\n<li>der PKW Stellplatz befindet sich direkt vor der Wohnung<\/li>\n\n\n\n<li>ein abschlie\u00dfbarer &#8222;Fahrradschuppen&#8220; zum abstellen der eigenen\/geliehenen Fahrr\u00e4der ist vorhanden.<\/li>\n<\/ul>\n\n\n\n<p class=\"has-small-font-size\">* Der WLAN-Zugang ist ein kostenloses Angebot, jedoch keine zugesicherte Eigenschaft der Ferienwohnung. Aufgrund von tempor\u00e4ren St\u00f6rungen kann es in Ausnahmef\u00e4llen immer mal passieren, dass kein WLAN bzw. kein Internet zur Verf\u00fcgung steht. Bitte ber\u00fccksichtigen Sie dies. Dies stellt keinen Mangel dar.<\/p>\n\n\n\n<p class=\"has-small-font-size\"><\/p>\n","protected":false},"excerpt":{"rendered":"<p>Von Privat an Privat&nbsp; Gem\u00fctliche Ferienwohnung, ca. 52 m\u00b2, an der Nordsee in&nbsp; Horumersiel, Deichstrasse 11 (Paterre)&nbsp; zu vermieten f\u00fcr 2 bis maximal&nbsp; 3 Personen Die Ferienwohnung in Horumersiel, Deichstra\u00dfe 11&#8230; unsere gem\u00fctliche Ferienwohnung f\u00fcr 2 bis 3 Personen ist etwa 52 m\u00b2 gro\u00df und befindet sich ebenerdig in der Deichstra\u00dfe 11 in Horumersiel und [&hellip;]<\/p>\n","protected":false},"author":1,"featured_media":0,"parent":0,"menu_order":0,"comment_status":"closed","ping_status":"closed","template":"","meta":{"footnotes":""},"_links":{"self":[{"href":"https:\/\/fewo-berheide.de\/index.php?rest_route=\/wp\/v2\/pages\/13"}],"collection":[{"href":"https:\/\/fewo-berheide.de\/index.php?rest_route=\/wp\/v2\/pages"}],"about":[{"href":"https:\/\/fewo-berheide.de\/index.php?rest_route=\/wp\/v2\/types\/page"}],"author":[{"embeddable":true,"href":"https:\/\/fewo-berheide.de\/index.php?rest_route=\/wp\/v2\/users\/1"}],"replies":[{"embeddable":true,"href":"https:\/\/fewo-berheide.de\/index.php?rest_route=%2Fwp%2Fv2%2Fcomments&post=13"}],"version-history":[{"count":67,"href":"https:\/\/fewo-berheide.de\/index.php?rest_route=\/wp\/v2\/pages\/13\/revisions"}],"predecessor-version":[{"id":1460,"href":"https:\/\/fewo-berheide.de\/index.php?rest_route=\/wp\/v2\/pages\/13\/revisions\/1460"}],"wp:attachment":[{"href":"https:\/\/fewo-berheide.de\/index.php?rest_route=%2Fwp%2Fv2%2Fmedia&parent=13"}],"curies":[{"name":"wp","href":"https:\/\/api.w.org\/{rel}","templated":true}]}}